{"id":29,"date":"2019-03-31T01:45:18","date_gmt":"2019-03-31T00:45:18","guid":{"rendered":"https:\/\/sv-hollenbach.de\/?page_id=29"},"modified":"2019-04-14T09:38:19","modified_gmt":"2019-04-14T07:38:19","slug":"ueber-uns","status":"publish","type":"page","link":"https:\/\/sv-hollenbach.de\/?page_id=29","title":{"rendered":"\u00dcber uns"},"content":{"rendered":"\n<p>Das Sch\u00fctzenmeisteramt besteht aus einem 1. und 2. Sch\u00fctzenmeister, 1.  Schriftf\u00fchrer und 1. Sportwart. Der Ausschuss besteht aus dem Sch\u00fctzenmeisteramt und Beisitzern. Die  Anzahl der Beisitzer ist abh\u00e4ngig von der Mitgleiderzahl des Vereins. <\/p>\n\n\n\n\n<table id=\"tablepress-1\" class=\"tablepress tablepress-id-1\">\n<tbody class=\"row-striping\">\n<tr class=\"row-1\">\n\t<td class=\"column-1\"><strong>Sch\u00fctzenmeisteramt:<\/strong><\/td><td class=\"column-2\"><\/td><td class=\"column-3\"><\/td>\n<\/tr>\n<tr class=\"row-2\">\n\t<td class=\"column-1\">1. Sch\u00fctzenmeister<\/td><td class=\"column-2\">Egger Ulrich<\/td><td class=\"column-3\">schuetzenmeister@sv-hollenbach.de<\/td>\n<\/tr>\n<tr class=\"row-3\">\n\t<td class=\"column-1\">2. Sch\u00fctzenmeister<\/td><td class=\"column-2\">Wunder Stephan<\/td><td class=\"column-3\">schuetzenmeister@sv-hollenbach.de<\/td>\n<\/tr>\n<tr class=\"row-4\">\n\t<td class=\"column-1\">1. Schriftf\u00fchrer<\/td><td class=\"column-2\">Artner Stefan<\/td><td class=\"column-3\">buero@sv-hollenbach.de<\/td>\n<\/tr>\n<tr class=\"row-5\">\n\t<td class=\"column-1\">1. Sportleiter<\/td><td class=\"column-2\">Greppmeit Stefan<\/td><td class=\"column-3\">sportleitung@sv-hollenbach.de<\/td>\n<\/tr>\n<tr class=\"row-6\">\n\t<td class=\"column-1\"><strong>Vereinsausschuss:<\/strong><\/td><td class=\"column-2\"><\/td><td class=\"column-3\"><\/td>\n<\/tr>\n<tr class=\"row-7\">\n\t<td class=\"column-1\">3. Sch\u00fctzenmeister<\/td><td class=\"column-2\">Reich Josef<\/td><td class=\"column-3\">schuetzenmeister@sv-hollenbach.de<\/td>\n<\/tr>\n<tr class=\"row-8\">\n\t<td class=\"column-1\">2. Schriftf\u00fchrerin<\/td><td class=\"column-2\">Penzes Hildegard<\/td><td class=\"column-3\">buero@sv-hollenbach.de<\/td>\n<\/tr>\n<tr class=\"row-9\">\n\t<td class=\"column-1\">2. Sportleiter<\/td><td class=\"column-2\">Kulzinger Robert<\/td><td class=\"column-3\">sportleitung@sv-hollenbach.de<\/td>\n<\/tr>\n<tr class=\"row-10\">\n\t<td class=\"column-1\">1. Schatzmeister<\/td><td class=\"column-2\">Artner Markus<\/td><td class=\"column-3\">finanzen@sv-hollenbach.de<\/td>\n<\/tr>\n<tr class=\"row-11\">\n\t<td class=\"column-1\">2. Schatzmeister<\/td><td class=\"column-2\">Schormair Georg sen.<\/td><td class=\"column-3\">finanzen@sv-hollenbach.de<\/td>\n<\/tr>\n<tr class=\"row-12\">\n\t<td class=\"column-1\">1. Jugendleiterin<\/td><td class=\"column-2\">Fischer Corina<\/td><td class=\"column-3\">jugendleitung@sv-hollenbach.de<\/td>\n<\/tr>\n<tr class=\"row-13\">\n\t<td class=\"column-1\">Beisitzer (Geb\u00e4udewart - Unterhalt)<\/td><td class=\"column-2\">Katzenschwanz Anton<\/td><td class=\"column-3\"><\/td>\n<\/tr>\n<tr class=\"row-14\">\n\t<td class=\"column-1\">Beisitzer (Geb\u00e4udewart - Nutzung)<\/td><td class=\"column-2\">Heigemeir Stefan<\/td><td class=\"column-3\"><\/td>\n<\/tr>\n<tr class=\"row-15\">\n\t<td class=\"column-1\">Beisitzer<\/td><td class=\"column-2\">Happacher Johann<\/td><td class=\"column-3\"><\/td>\n<\/tr>\n<tr class=\"row-16\">\n\t<td class=\"column-1\"><strong>Nicht im Ausschuss:<\/strong><\/td><td class=\"column-2\"><\/td><td class=\"column-3\"><\/td>\n<\/tr>\n<tr class=\"row-17\">\n\t<td class=\"column-1\">Damenleiter\/in<\/td><td class=\"column-2\"><\/td><td class=\"column-3\">damenleitung@sv-hollenbach.de<\/td>\n<\/tr>\n<tr class=\"row-18\">\n\t<td class=\"column-1\">Eventmanager\/in<\/td><td class=\"column-2\"><\/td><td class=\"column-3\">event@sv-hollenbach.de<\/td>\n<\/tr>\n<tr class=\"row-19\">\n\t<td class=\"column-1\">B\u00f6llerreferent<\/td><td class=\"column-2\">Baur Markus<\/td><td class=\"column-3\">boeller@sv-hollenbach.de<\/td>\n<\/tr>\n<tr class=\"row-20\">\n\t<td class=\"column-1\">EDV-Referent<\/td><td class=\"column-2\">Brecheisen Dominik<\/td><td class=\"column-3\">edv@sv-hollenbach.de<\/td>\n<\/tr>\n<tr class=\"row-21\">\n\t<td class=\"column-1\"><\/td><td class=\"column-2\">Kultinger Robert<\/td><td class=\"column-3\">webmaster@sv-hollenbach.de<\/td>\n<\/tr>\n<tr class=\"row-22\">\n\t<td class=\"column-1\">2. Jugendleiter<\/td><td class=\"column-2\">Brecheisen Dominik<\/td><td class=\"column-3\"><\/td>\n<\/tr>\n<tr class=\"row-23\">\n\t<td class=\"column-1\">3. Jugendleiter<\/td><td class=\"column-2\">Kistler Thomas<\/td><td class=\"column-3\"><\/td>\n<\/tr>\n<tr class=\"row-24\">\n\t<td class=\"column-1\">4. Jugendleiter<\/td><td class=\"column-2\">Attenberger Jonas<\/td><td class=\"column-3\"><\/td>\n<\/tr>\n<\/tbody>\n<\/table>\n<!-- #tablepress-1 from cache -->\n\n\n\n<p><\/p>\n","protected":false},"excerpt":{"rendered":"<p>Das Sch\u00fctzenmeisteramt besteht aus einem 1. und 2. Sch\u00fctzenmeister, 1. Schriftf\u00fchrer und 1. Sportwart. Der Ausschuss besteht aus dem Sch\u00fctzenmeisteramt und Beisitzern. Die Anzahl der Beisitzer ist abh\u00e4ngig von der Mitgleiderzahl des Vereins.<\/p>\n","protected":false},"author":2,"featured_media":0,"parent":0,"menu_order":0,"comment_status":"closed","ping_status":"closed","template":"","meta":{"footnotes":""},"class_list":["post-29","page","type-page","status-publish","hentry"],"_links":{"self":[{"href":"https:\/\/sv-hollenbach.de\/index.php?rest_route=\/wp\/v2\/pages\/29","targetHints":{"allow":["GET"]}}],"collection":[{"href":"https:\/\/sv-hollenbach.de\/index.php?rest_route=\/wp\/v2\/pages"}],"about":[{"href":"https:\/\/sv-hollenbach.de\/index.php?rest_route=\/wp\/v2\/types\/page"}],"author":[{"embeddable":true,"href":"https:\/\/sv-hollenbach.de\/index.php?rest_route=\/wp\/v2\/users\/2"}],"replies":[{"embeddable":true,"href":"https:\/\/sv-hollenbach.de\/index.php?rest_route=%2Fwp%2Fv2%2Fcomments&post=29"}],"version-history":[{"count":4,"href":"https:\/\/sv-hollenbach.de\/index.php?rest_route=\/wp\/v2\/pages\/29\/revisions"}],"predecessor-version":[{"id":135,"href":"https:\/\/sv-hollenbach.de\/index.php?rest_route=\/wp\/v2\/pages\/29\/revisions\/135"}],"wp:attachment":[{"href":"https:\/\/sv-hollenbach.de\/index.php?rest_route=%2Fwp%2Fv2%2Fmedia&parent=29"}],"curies":[{"name":"wp","href":"https:\/\/api.w.org\/{rel}","templated":true}]}}