{"id":28,"date":"2019-03-31T01:45:18","date_gmt":"2019-03-31T00:45:18","guid":{"rendered":"https:\/\/sv-hollenbach.de\/?page_id=28"},"modified":"2019-04-14T09:14:07","modified_gmt":"2019-04-14T07:14:07","slug":"raiffeisen-und-gemeinde-pokal","status":"publish","type":"page","link":"https:\/\/sv-hollenbach.de\/?page_id=28","title":{"rendered":"Raiffeisen- und Gemeinde-Pokal"},"content":{"rendered":"\r\n<h2 class=\"wp-block-heading\">Gemeindepokal<\/h2>\r\n\r\n\r\n\r\n<p>Der Gemeindepokal wird seit 1982 allj\u00e4hrlich im Herbst, f\u00fcr das folgende Jahr, durch die ortsans\u00e4ssigen Sch\u00fctzenvereine der Gemeinde Hollenbach (Mainbach, Igenhausen, Sch\u00f6nbach, Hollenbach) nach Blattl ausgeschossen. Es handelt sich hierbei um einen von der Gemeinde gestifteten Pokal der schon beim ersten Gewinn in Vereinsbesitz \u00fcbergeht.<\/p>\r\n\r\n\r\n\r\n\n<table id=\"tablepress-6\" class=\"tablepress tablepress-id-6\">\n<thead>\n<tr class=\"row-1\">\n\t<th class=\"column-1\">Jahr<\/th><th class=\"column-2\">Mannschaft<\/th><th class=\"column-3\">Teiler<\/th>\n<\/tr>\n<\/thead>\n<tbody class=\"row-striping\">\n<tr class=\"row-2\">\n\t<td class=\"column-1\">2024<\/td><td class=\"column-2\">Sch\u00f6nbach<\/td><td class=\"column-3\">374,6<\/td>\n<\/tr>\n<tr class=\"row-3\">\n\t<td class=\"column-1\">2023<\/td><td class=\"column-2\">Sch\u00f6nbach<\/td><td class=\"column-3\">325,6<\/td>\n<\/tr>\n<tr class=\"row-4\">\n\t<td class=\"column-1\">2022<\/td><td class=\"column-2\">Sch\u00f6nbach<\/td><td class=\"column-3\">452,0<\/td>\n<\/tr>\n<tr class=\"row-5\">\n\t<td class=\"column-1\">2021<\/td><td class=\"column-2\">Corona<\/td><td class=\"column-3\"><\/td>\n<\/tr>\n<tr class=\"row-6\">\n\t<td class=\"column-1\">2020<\/td><td class=\"column-2\">Sch\u00f6nbach<\/td><td class=\"column-3\">336,4<\/td>\n<\/tr>\n<tr class=\"row-7\">\n\t<td class=\"column-1\">2019<\/td><td class=\"column-2\">Sch\u00f6nbach<\/td><td class=\"column-3\">383,2<\/td>\n<\/tr>\n<tr class=\"row-8\">\n\t<td class=\"column-1\">2018<\/td><td class=\"column-2\">Sch\u00f6nbach<\/td><td class=\"column-3\">338,8<\/td>\n<\/tr>\n<tr class=\"row-9\">\n\t<td class=\"column-1\">2017<\/td><td class=\"column-2\">Hollenbach<\/td><td class=\"column-3\">363,7<\/td>\n<\/tr>\n<tr class=\"row-10\">\n\t<td class=\"column-1\">2016<\/td><td class=\"column-2\">Sch\u00f6nbach<\/td><td class=\"column-3\">306,1<\/td>\n<\/tr>\n<tr class=\"row-11\">\n\t<td class=\"column-1\">2015<\/td><td class=\"column-2\">Hollenbach<\/td><td class=\"column-3\">239,5<\/td>\n<\/tr>\n<tr class=\"row-12\">\n\t<td class=\"column-1\">2014<\/td><td class=\"column-2\">Hollenbach<\/td><td class=\"column-3\">384,5<\/td>\n<\/tr>\n<tr class=\"row-13\">\n\t<td class=\"column-1\">2013<\/td><td class=\"column-2\">Hollenbach<\/td><td class=\"column-3\">418,4<\/td>\n<\/tr>\n<tr class=\"row-14\">\n\t<td class=\"column-1\">2012<\/td><td class=\"column-2\">Sch\u00f6nbach<\/td><td class=\"column-3\">195,6<\/td>\n<\/tr>\n<tr class=\"row-15\">\n\t<td class=\"column-1\">2011<\/td><td class=\"column-2\">Hollenbach<\/td><td class=\"column-3\">349,6<\/td>\n<\/tr>\n<tr class=\"row-16\">\n\t<td class=\"column-1\">2010<\/td><td class=\"column-2\">Mainbach<\/td><td class=\"column-3\">404,8<\/td>\n<\/tr>\n<tr class=\"row-17\">\n\t<td class=\"column-1\">2009<\/td><td class=\"column-2\">Hollenbach<\/td><td class=\"column-3\">415,4<\/td>\n<\/tr>\n<tr class=\"row-18\">\n\t<td class=\"column-1\">2008<\/td><td class=\"column-2\">Mainbach<\/td><td class=\"column-3\">366,7<\/td>\n<\/tr>\n<tr class=\"row-19\">\n\t<td class=\"column-1\">2007<\/td><td class=\"column-2\">Hollenbach<\/td><td class=\"column-3\">500,4<\/td>\n<\/tr>\n<tr class=\"row-20\">\n\t<td class=\"column-1\">2006<\/td><td class=\"column-2\">Mainbach<\/td><td class=\"column-3\">459,3<\/td>\n<\/tr>\n<tr class=\"row-21\">\n\t<td class=\"column-1\">2005<\/td><td class=\"column-2\">Hollenbach<\/td><td class=\"column-3\">386,0<\/td>\n<\/tr>\n<tr class=\"row-22\">\n\t<td class=\"column-1\">2004<\/td><td class=\"column-2\">Mainbach<\/td><td class=\"column-3\">404,3<\/td>\n<\/tr>\n<tr class=\"row-23\">\n\t<td class=\"column-1\">2003<\/td><td class=\"column-2\">Igenhausen<\/td><td class=\"column-3\">509,8<\/td>\n<\/tr>\n<tr class=\"row-24\">\n\t<td class=\"column-1\">2002<\/td><td class=\"column-2\">Mainbach<\/td><td class=\"column-3\">438,8<\/td>\n<\/tr>\n<tr class=\"row-25\">\n\t<td class=\"column-1\">2001<\/td><td class=\"column-2\">Hollenbach<\/td><td class=\"column-3\">380,8<\/td>\n<\/tr>\n<tr class=\"row-26\">\n\t<td class=\"column-1\">2000<\/td><td class=\"column-2\">Igenhausen<\/td><td class=\"column-3\">505,0<\/td>\n<\/tr>\n<tr class=\"row-27\">\n\t<td class=\"column-1\">1999<\/td><td class=\"column-2\">Igenhausen<\/td><td class=\"column-3\">549,2<\/td>\n<\/tr>\n<tr class=\"row-28\">\n\t<td class=\"column-1\">1998<\/td><td class=\"column-2\">Hollenbach<\/td><td class=\"column-3\">391,4<\/td>\n<\/tr>\n<tr class=\"row-29\">\n\t<td class=\"column-1\">1997<\/td><td class=\"column-2\">Sch\u00f6nbach<\/td><td class=\"column-3\">539,3<\/td>\n<\/tr>\n<tr class=\"row-30\">\n\t<td class=\"column-1\">1996<\/td><td class=\"column-2\">Igenhausen<\/td><td class=\"column-3\">457,5<\/td>\n<\/tr>\n<tr class=\"row-31\">\n\t<td class=\"column-1\">1995<\/td><td class=\"column-2\">Igenhausen<\/td><td class=\"column-3\">437,5<\/td>\n<\/tr>\n<tr class=\"row-32\">\n\t<td class=\"column-1\">1994<\/td><td class=\"column-2\">Hollenbach<\/td><td class=\"column-3\">393,9<\/td>\n<\/tr>\n<tr class=\"row-33\">\n\t<td class=\"column-1\">1993<\/td><td class=\"column-2\">Hollenbach<\/td><td class=\"column-3\">577,7<\/td>\n<\/tr>\n<tr class=\"row-34\">\n\t<td class=\"column-1\">1992<\/td><td class=\"column-2\">Sch\u00f6nbach<\/td><td class=\"column-3\">473,8<\/td>\n<\/tr>\n<tr class=\"row-35\">\n\t<td class=\"column-1\">1991<\/td><td class=\"column-2\">Igenhausen<\/td><td class=\"column-3\">615,7<\/td>\n<\/tr>\n<tr class=\"row-36\">\n\t<td class=\"column-1\">1990<\/td><td class=\"column-2\">Sch\u00f6nbach<\/td><td class=\"column-3\">508,1<\/td>\n<\/tr>\n<tr class=\"row-37\">\n\t<td class=\"column-1\">1989<\/td><td class=\"column-2\">Hollenbach<\/td><td class=\"column-3\">631,8<\/td>\n<\/tr>\n<tr class=\"row-38\">\n\t<td class=\"column-1\">1988<\/td><td class=\"column-2\">Igenhausen<\/td><td class=\"column-3\">558,0<\/td>\n<\/tr>\n<tr class=\"row-39\">\n\t<td class=\"column-1\">1987<\/td><td class=\"column-2\">Sch\u00f6nbach<\/td><td class=\"column-3\">321,1<\/td>\n<\/tr>\n<tr class=\"row-40\">\n\t<td class=\"column-1\">1986<\/td><td class=\"column-2\">Hollenbach<\/td><td class=\"column-3\">630,8<\/td>\n<\/tr>\n<tr class=\"row-41\">\n\t<td class=\"column-1\">1985<\/td><td class=\"column-2\">Hollenbach<\/td><td class=\"column-3\">561,1<\/td>\n<\/tr>\n<tr class=\"row-42\">\n\t<td class=\"column-1\">1984<\/td><td class=\"column-2\">Sch\u00f6nbach<\/td><td class=\"column-3\">543,6<\/td>\n<\/tr>\n<tr class=\"row-43\">\n\t<td class=\"column-1\">1983<\/td><td class=\"column-2\">Hollenbach<\/td><td class=\"column-3\">635,4<\/td>\n<\/tr>\n<\/tbody>\n<\/table>\n<!-- #tablepress-6 from cache -->\r\n\r\n\r\n\r\n<h2 class=\"wp-block-heading\">Raiffeisenpokal<\/h2>\r\n\r\n\r\n\r\n<p>Der Raiffeisenpokal wird seit 1977 allj\u00e4hrlich im Herbst, f\u00fcr das folgende Jahr, durch die ortsans\u00e4ssigen Sch\u00fctzenvereine (Mainbach, Igenhausen, Sch\u00f6nbach, Hollenbach) der Gemeinde Hollenbach nach Ringen ausgeschossen. Es handelt sich hierbei um einen von der Raiffeisenbank gestifteten Wanderpokal der bei dreimaligem Gewinn durch den gleichen Verein in dessen Besitz \u00fcbergeht.<\/p>\r\n\r\n\r\n\r\n\n<table id=\"tablepress-7\" class=\"tablepress tablepress-id-7\">\n<thead>\n<tr class=\"row-1\">\n\t<th class=\"column-1\">Jahr<\/th><th class=\"column-2\">Mannschaft<\/th><th class=\"column-3\">Ringe<\/th>\n<\/tr>\n<\/thead>\n<tbody class=\"row-striping\">\n<tr class=\"row-2\">\n\t<td class=\"column-1\">2024<\/td><td class=\"column-2\">Sch\u00f6nbach<\/td><td class=\"column-3\">2158,4<\/td>\n<\/tr>\n<tr class=\"row-3\">\n\t<td class=\"column-1\">2023<\/td><td class=\"column-2\">Sch\u00f6nbach<\/td><td class=\"column-3\">2164,6<\/td>\n<\/tr>\n<tr class=\"row-4\">\n\t<td class=\"column-1\">2022<\/td><td class=\"column-2\">Sch\u00f6nbach<\/td><td class=\"column-3\">2169,1<\/td>\n<\/tr>\n<tr class=\"row-5\">\n\t<td class=\"column-1\">2021<\/td><td class=\"column-2\">Corona<\/td><td class=\"column-3\"><\/td>\n<\/tr>\n<tr class=\"row-6\">\n\t<td class=\"column-1\">2020<\/td><td class=\"column-2\">Sch\u00f6nbach<\/td><td class=\"column-3\">2149,5<\/td>\n<\/tr>\n<tr class=\"row-7\">\n\t<td class=\"column-1\">2019<\/td><td class=\"column-2\">Sch\u00f6nbach<\/td><td class=\"column-3\">2150,7<\/td>\n<\/tr>\n<tr class=\"row-8\">\n\t<td class=\"column-1\">2018<\/td><td class=\"column-2\">Sch\u00f6nbach<\/td><td class=\"column-3\">2159,0<\/td>\n<\/tr>\n<tr class=\"row-9\">\n\t<td class=\"column-1\">2017<\/td><td class=\"column-2\">Sch\u00f6nbach<\/td><td class=\"column-3\">2154,3<\/td>\n<\/tr>\n<tr class=\"row-10\">\n\t<td class=\"column-1\">2016<\/td><td class=\"column-2\">Sch\u00f6nbach<\/td><td class=\"column-3\">2133<\/td>\n<\/tr>\n<tr class=\"row-11\">\n\t<td class=\"column-1\">2015<\/td><td class=\"column-2\">Hollenbach<\/td><td class=\"column-3\">2163,9<\/td>\n<\/tr>\n<tr class=\"row-12\">\n\t<td class=\"column-1\">2014<\/td><td class=\"column-2\">Hollenbach<\/td><td class=\"column-3\">2132,1<\/td>\n<\/tr>\n<tr class=\"row-13\">\n\t<td class=\"column-1\">2013<\/td><td class=\"column-2\">Hollenbach<\/td><td class=\"column-3\">2128,3<\/td>\n<\/tr>\n<tr class=\"row-14\">\n\t<td class=\"column-1\">2012<\/td><td class=\"column-2\">Hollenbach<\/td><td class=\"column-3\">2115,9<\/td>\n<\/tr>\n<tr class=\"row-15\">\n\t<td class=\"column-1\">2011<\/td><td class=\"column-2\">Hollenbach<\/td><td class=\"column-3\">2110,9<\/td>\n<\/tr>\n<tr class=\"row-16\">\n\t<td class=\"column-1\">2010<\/td><td class=\"column-2\">Hollenbach<\/td><td class=\"column-3\">2124,0<\/td>\n<\/tr>\n<tr class=\"row-17\">\n\t<td class=\"column-1\">2009<\/td><td class=\"column-2\">Hollenbach<\/td><td class=\"column-3\">2111,4<\/td>\n<\/tr>\n<tr class=\"row-18\">\n\t<td class=\"column-1\">2008<\/td><td class=\"column-2\">Hollenbach<\/td><td class=\"column-3\">2097,9<\/td>\n<\/tr>\n<tr class=\"row-19\">\n\t<td class=\"column-1\">2007<\/td><td class=\"column-2\">Mainbach<\/td><td class=\"column-3\">2097,3<\/td>\n<\/tr>\n<tr class=\"row-20\">\n\t<td class=\"column-1\">2006<\/td><td class=\"column-2\">Hollenbach<\/td><td class=\"column-3\">2121,3<\/td>\n<\/tr>\n<tr class=\"row-21\">\n\t<td class=\"column-1\">2005<\/td><td class=\"column-2\">Mainbach<\/td><td class=\"column-3\">2098,0<\/td>\n<\/tr>\n<tr class=\"row-22\">\n\t<td class=\"column-1\">2004<\/td><td class=\"column-2\">Hollenbach<\/td><td class=\"column-3\">2118,9<\/td>\n<\/tr>\n<tr class=\"row-23\">\n\t<td class=\"column-1\">2003<\/td><td class=\"column-2\">Hollenbach<\/td><td class=\"column-3\">2091,3<\/td>\n<\/tr>\n<tr class=\"row-24\">\n\t<td class=\"column-1\">2002<\/td><td class=\"column-2\">Hollenbach<\/td><td class=\"column-3\">2097,7<\/td>\n<\/tr>\n<tr class=\"row-25\">\n\t<td class=\"column-1\">2001<\/td><td class=\"column-2\">Hollenbach<\/td><td class=\"column-3\">2124,7<\/td>\n<\/tr>\n<tr class=\"row-26\">\n\t<td class=\"column-1\">2000<\/td><td class=\"column-2\">Sch\u00f6nbach<\/td><td class=\"column-3\">2106,4<\/td>\n<\/tr>\n<tr class=\"row-27\">\n\t<td class=\"column-1\">1999<\/td><td class=\"column-2\">Mainbach<\/td><td class=\"column-3\">2100,4<\/td>\n<\/tr>\n<tr class=\"row-28\">\n\t<td class=\"column-1\">1998<\/td><td class=\"column-2\">Mainbach<\/td><td class=\"column-3\">2072,7<\/td>\n<\/tr>\n<tr class=\"row-29\">\n\t<td class=\"column-1\">1997<\/td><td class=\"column-2\">Hollenbach<\/td><td class=\"column-3\">1889,4<\/td>\n<\/tr>\n<tr class=\"row-30\">\n\t<td class=\"column-1\">1996<\/td><td class=\"column-2\">Hollenbach<\/td><td class=\"column-3\">2029,8<\/td>\n<\/tr>\n<tr class=\"row-31\">\n\t<td class=\"column-1\">1995<\/td><td class=\"column-2\">Igenhausen<\/td><td class=\"column-3\">1859,6<\/td>\n<\/tr>\n<tr class=\"row-32\">\n\t<td class=\"column-1\">1994<\/td><td class=\"column-2\">Hollenbach<\/td><td class=\"column-3\">1879,9<\/td>\n<\/tr>\n<tr class=\"row-33\">\n\t<td class=\"column-1\">1993<\/td><td class=\"column-2\">Hollenbach<\/td><td class=\"column-3\">1882,9<\/td>\n<\/tr>\n<tr class=\"row-34\">\n\t<td class=\"column-1\">1992<\/td><td class=\"column-2\">Sch\u00f6nbach<\/td><td class=\"column-3\">1774,0<\/td>\n<\/tr>\n<tr class=\"row-35\">\n\t<td class=\"column-1\">1991<\/td><td class=\"column-2\">Hollenbach<\/td><td class=\"column-3\">1779,0<\/td>\n<\/tr>\n<tr class=\"row-36\">\n\t<td class=\"column-1\">1990<\/td><td class=\"column-2\">Igenhausen<\/td><td class=\"column-3\">1771,0<\/td>\n<\/tr>\n<tr class=\"row-37\">\n\t<td class=\"column-1\">1989<\/td><td class=\"column-2\">Hollenbach<\/td><td class=\"column-3\">1781,0<\/td>\n<\/tr>\n<tr class=\"row-38\">\n\t<td class=\"column-1\">1988<\/td><td class=\"column-2\">Sch\u00f6nbach<\/td><td class=\"column-3\">1782,0<\/td>\n<\/tr>\n<tr class=\"row-39\">\n\t<td class=\"column-1\">1987<\/td><td class=\"column-2\">Sch\u00f6nbach<\/td><td class=\"column-3\">1803,0<\/td>\n<\/tr>\n<tr class=\"row-40\">\n\t<td class=\"column-1\">1986<\/td><td class=\"column-2\">Sch\u00f6nbach<\/td><td class=\"column-3\"><\/td>\n<\/tr>\n<tr class=\"row-41\">\n\t<td class=\"column-1\">1985<\/td><td class=\"column-2\">Hollenbach<\/td><td class=\"column-3\">1769,0<\/td>\n<\/tr>\n<tr class=\"row-42\">\n\t<td class=\"column-1\">1984<\/td><td class=\"column-2\">Igenhausen<\/td><td class=\"column-3\">1785,0<\/td>\n<\/tr>\n<tr class=\"row-43\">\n\t<td class=\"column-1\">1983<\/td><td class=\"column-2\"><\/td><td class=\"column-3\"><\/td>\n<\/tr>\n<tr class=\"row-44\">\n\t<td class=\"column-1\">1982<\/td><td class=\"column-2\">Hollenbach<\/td><td class=\"column-3\">1300,0<\/td>\n<\/tr>\n<tr class=\"row-45\">\n\t<td class=\"column-1\">1981<\/td><td class=\"column-2\">Hollenbach<\/td><td class=\"column-3\">1321,0<\/td>\n<\/tr>\n<tr class=\"row-46\">\n\t<td class=\"column-1\">1980<\/td><td class=\"column-2\">Hollenbach<\/td><td class=\"column-3\">1322,0<\/td>\n<\/tr>\n<tr class=\"row-47\">\n\t<td class=\"column-1\">1979<\/td><td class=\"column-2\">Igenhausen<\/td><td class=\"column-3\">1303,0<\/td>\n<\/tr>\n<tr class=\"row-48\">\n\t<td class=\"column-1\">1978<\/td><td class=\"column-2\">Igenhausen<\/td><td class=\"column-3\">1296,0<\/td>\n<\/tr>\n<tr class=\"row-49\">\n\t<td class=\"column-1\">1977<\/td><td class=\"column-2\">Igenhausen<\/td><td class=\"column-3\">1255,0<\/td>\n<\/tr>\n<\/tbody>\n<\/table>\n<!-- #tablepress-7 from cache -->\r\n\r\n\r\n\r\n<h2 class=\"wp-block-heading\">Jugendpokal<\/h2>\r\n\r\n\r\n\r\n<p>Der Jugendpokal wird seit 1999 allj\u00e4hrlich im Herbst, f\u00fcr das folgende Jahr, durch die ortsans\u00e4ssigen Sch\u00fctzenvereine der Gemeinde Hollenbach (Mainbach, Igenhausen, Sch\u00f6nbach, Hollenbach) nach dem \u201ePunktsystem\u201c (Blattl \u2013 Ring) ausgeschossen. Es handelt sich hierbei um einen Pokal der schon beim ersten Gewinn in Vereinsbesitz \u00fcbergeht.<\/p>\r\n\r\n\r\n\r\n\n<table id=\"tablepress-8\" class=\"tablepress tablepress-id-8\">\n<thead>\n<tr class=\"row-1\">\n\t<th class=\"column-1\">Jahr<\/th><th class=\"column-2\">Mannschaft<\/th><th class=\"column-3\">Punkte<\/th>\n<\/tr>\n<\/thead>\n<tbody class=\"row-striping\">\n<tr class=\"row-2\">\n\t<td class=\"column-1\">2024<\/td><td class=\"column-2\">Igenhausen<\/td><td class=\"column-3\">277,1<\/td>\n<\/tr>\n<tr class=\"row-3\">\n\t<td class=\"column-1\">2023<\/td><td class=\"column-2\">Hollenbach<\/td><td class=\"column-3\">332,5<\/td>\n<\/tr>\n<tr class=\"row-4\">\n\t<td class=\"column-1\">2022<\/td><td class=\"column-2\">Hollenbach<\/td><td class=\"column-3\">249,3<\/td>\n<\/tr>\n<tr class=\"row-5\">\n\t<td class=\"column-1\">2021<\/td><td class=\"column-2\">Corona<\/td><td class=\"column-3\"><\/td>\n<\/tr>\n<tr class=\"row-6\">\n\t<td class=\"column-1\">2020<\/td><td class=\"column-2\">Hollenbach<\/td><td class=\"column-3\">266,2<\/td>\n<\/tr>\n<tr class=\"row-7\">\n\t<td class=\"column-1\">2019<\/td><td class=\"column-2\">Hollenbach<\/td><td class=\"column-3\">267,4<\/td>\n<\/tr>\n<tr class=\"row-8\">\n\t<td class=\"column-1\">2018<\/td><td class=\"column-2\">Hollenbach<\/td><td class=\"column-3\">321,7<\/td>\n<\/tr>\n<tr class=\"row-9\">\n\t<td class=\"column-1\">2017<\/td><td class=\"column-2\">Hollenbach<\/td><td class=\"column-3\">357,1<\/td>\n<\/tr>\n<tr class=\"row-10\">\n\t<td class=\"column-1\">2016<\/td><td class=\"column-2\">Hollenbach<\/td><td class=\"column-3\">484<\/td>\n<\/tr>\n<tr class=\"row-11\">\n\t<td class=\"column-1\">2015<\/td><td class=\"column-2\">Igenhausen<\/td><td class=\"column-3\">194,6<\/td>\n<\/tr>\n<tr class=\"row-12\">\n\t<td class=\"column-1\">2014<\/td><td class=\"column-2\">Igenhausen<\/td><td class=\"column-3\">246<\/td>\n<\/tr>\n<tr class=\"row-13\">\n\t<td class=\"column-1\">2013<\/td><td class=\"column-2\">Hollenbach<\/td><td class=\"column-3\">198,7<\/td>\n<\/tr>\n<tr class=\"row-14\">\n\t<td class=\"column-1\">2012<\/td><td class=\"column-2\">Sch\u00f6nbach<\/td><td class=\"column-3\">210,6<\/td>\n<\/tr>\n<tr class=\"row-15\">\n\t<td class=\"column-1\">2011<\/td><td class=\"column-2\">Hollenbach<\/td><td class=\"column-3\">380,5<\/td>\n<\/tr>\n<tr class=\"row-16\">\n\t<td class=\"column-1\">2010<\/td><td class=\"column-2\">Sch\u00f6nbach<\/td><td class=\"column-3\">587,9<\/td>\n<\/tr>\n<tr class=\"row-17\">\n\t<td class=\"column-1\">2009<\/td><td class=\"column-2\">Sch\u00f6nbach<\/td><td class=\"column-3\">459,6<\/td>\n<\/tr>\n<tr class=\"row-18\">\n\t<td class=\"column-1\">2008<\/td><td class=\"column-2\">Hollenbach<\/td><td class=\"column-3\">565,4<\/td>\n<\/tr>\n<tr class=\"row-19\">\n\t<td class=\"column-1\">2007<\/td><td class=\"column-2\">Sch\u00f6nbach<\/td><td class=\"column-3\">608,8<\/td>\n<\/tr>\n<tr class=\"row-20\">\n\t<td class=\"column-1\">2006<\/td><td class=\"column-2\">Hollenbach<\/td><td class=\"column-3\">385,3<\/td>\n<\/tr>\n<tr class=\"row-21\">\n\t<td class=\"column-1\">2005<\/td><td class=\"column-2\">Hollenbach<\/td><td class=\"column-3\">329,9<\/td>\n<\/tr>\n<tr class=\"row-22\">\n\t<td class=\"column-1\">2004<\/td><td class=\"column-2\">Sch\u00f6nbach<\/td><td class=\"column-3\">503,8<\/td>\n<\/tr>\n<tr class=\"row-23\">\n\t<td class=\"column-1\">2003<\/td><td class=\"column-2\">Hollenbach<\/td><td class=\"column-3\">585,9<\/td>\n<\/tr>\n<tr class=\"row-24\">\n\t<td class=\"column-1\">2002<\/td><td class=\"column-2\">Hollenbach<\/td><td class=\"column-3\">506,2<\/td>\n<\/tr>\n<tr class=\"row-25\">\n\t<td class=\"column-1\">2001<\/td><td class=\"column-2\">Sch\u00f6nbach<\/td><td class=\"column-3\">804,7<\/td>\n<\/tr>\n<\/tbody>\n<\/table>\n<!-- #tablepress-8 from cache -->\r\n","protected":false},"excerpt":{"rendered":"<p>Gemeindepokal Der Gemeindepokal wird seit 1982 allj\u00e4hrlich im Herbst, f\u00fcr das folgende Jahr, durch die ortsans\u00e4ssigen Sch\u00fctzenvereine der Gemeinde Hollenbach (Mainbach, Igenhausen, Sch\u00f6nbach, Hollenbach) nach Blattl ausgeschossen. Es handelt sich hierbei um einen von der Gemeinde gestifteten Pokal der schon beim ersten Gewinn in Vereinsbesitz \u00fcbergeht. Raiffeisenpokal Der Raiffeisenpokal wird seit 1977 allj\u00e4hrlich im Herbst, &hellip; <a href=\"https:\/\/sv-hollenbach.de\/?page_id=28\" class=\"more-link\"><span class=\"screen-reader-text\">Raiffeisen- und Gemeinde-Pokal<\/span> weiterlesen<\/a><\/p>\n","protected":false},"author":2,"featured_media":0,"parent":0,"menu_order":0,"comment_status":"closed","ping_status":"closed","template":"","meta":{"footnotes":""},"class_list":["post-28","page","type-page","status-publish","hentry"],"_links":{"self":[{"href":"https:\/\/sv-hollenbach.de\/index.php?rest_route=\/wp\/v2\/pages\/28","targetHints":{"allow":["GET"]}}],"collection":[{"href":"https:\/\/sv-hollenbach.de\/index.php?rest_route=\/wp\/v2\/pages"}],"about":[{"href":"https:\/\/sv-hollenbach.de\/index.php?rest_route=\/wp\/v2\/types\/page"}],"author":[{"embeddable":true,"href":"https:\/\/sv-hollenbach.de\/index.php?rest_route=\/wp\/v2\/users\/2"}],"replies":[{"embeddable":true,"href":"https:\/\/sv-hollenbach.de\/index.php?rest_route=%2Fwp%2Fv2%2Fcomments&post=28"}],"version-history":[{"count":3,"href":"https:\/\/sv-hollenbach.de\/index.php?rest_route=\/wp\/v2\/pages\/28\/revisions"}],"predecessor-version":[{"id":124,"href":"https:\/\/sv-hollenbach.de\/index.php?rest_route=\/wp\/v2\/pages\/28\/revisions\/124"}],"wp:attachment":[{"href":"https:\/\/sv-hollenbach.de\/index.php?rest_route=%2Fwp%2Fv2%2Fmedia&parent=28"}],"curies":[{"name":"wp","href":"https:\/\/api.w.org\/{rel}","templated":true}]}}