{"id":26,"date":"2019-03-31T01:45:17","date_gmt":"2019-03-31T00:45:17","guid":{"rendered":"https:\/\/sv-hollenbach.de\/?page_id=26"},"modified":"2023-12-09T22:17:44","modified_gmt":"2023-12-09T21:17:44","slug":"krammer-pokal","status":"publish","type":"page","link":"https:\/\/sv-hollenbach.de\/?page_id=26","title":{"rendered":"Krammer-Pokal"},"content":{"rendered":"\n<p>Gewinner\/-in des Krammerpokales ist die Sch\u00fctzin oder der Sch\u00fctze, mit dem besten Blattl im Laufe eines Kalenderjahres.<br>Gewertet werden alle Sch\u00fcsse auf \u00dcbungs- und Jahresmeisterschaftsschie\u00dfen.<br>Teilnahmeberechtigt sind alle Klassen und Disziplinen sowie zugelassene Waffenarten.<br>Teiler mit Luftpistole werden durch drei geteilt. Bei der Disziplin Auflage wird der Teiler durch 0,55 geteilt.<br>Die Pokalverleihung findet im Anschluss der Weihnachtfeier statt.<\/p>\n\n\n\n\n<table id=\"tablepress-5\" class=\"tablepress tablepress-id-5\">\n<thead>\n<tr class=\"row-1\">\n\t<th class=\"column-1\">Jahr<\/th><th class=\"column-2\">Sch\u00fctze<\/th><th class=\"column-3\">Teiler<\/th>\n<\/tr>\n<\/thead>\n<tbody class=\"row-striping\">\n<tr class=\"row-2\">\n\t<td class=\"column-1\">2018<\/td><td class=\"column-2\">Fischer Corinna<\/td><td class=\"column-3\">3,1<\/td>\n<\/tr>\n<tr class=\"row-3\">\n\t<td class=\"column-1\">2017<\/td><td class=\"column-2\">Happacher Johann<\/td><td class=\"column-3\">6,4<\/td>\n<\/tr>\n<tr class=\"row-4\">\n\t<td class=\"column-1\">2016<\/td><td class=\"column-2\">Fischer Corinna<\/td><td class=\"column-3\">10,2<\/td>\n<\/tr>\n<tr class=\"row-5\">\n\t<td class=\"column-1\">2015<\/td><td class=\"column-2\">Kulzinger Josef<\/td><td class=\"column-3\">2,7<\/td>\n<\/tr>\n<tr class=\"row-6\">\n\t<td class=\"column-1\">2014<\/td><td class=\"column-2\">Kulzinger Josef<\/td><td class=\"column-3\">2,5<\/td>\n<\/tr>\n<tr class=\"row-7\">\n\t<td class=\"column-1\">2013<\/td><td class=\"column-2\">Pechter Stephan<\/td><td class=\"column-3\">8,0<\/td>\n<\/tr>\n<tr class=\"row-8\">\n\t<td class=\"column-1\">2012<\/td><td class=\"column-2\">Schreier Madleen<\/td><td class=\"column-3\">5,6<\/td>\n<\/tr>\n<tr class=\"row-9\">\n\t<td class=\"column-1\">2011<\/td><td class=\"column-2\">Katzenschwanz Anton<\/td><td class=\"column-3\">2,7<\/td>\n<\/tr>\n<tr class=\"row-10\">\n\t<td class=\"column-1\">2010<\/td><td class=\"column-2\">Schormair Georg sen.<\/td><td class=\"column-3\">2,2<\/td>\n<\/tr>\n<tr class=\"row-11\">\n\t<td class=\"column-1\">2009<\/td><td class=\"column-2\">Happacher Johann<\/td><td class=\"column-3\">3,3<\/td>\n<\/tr>\n<tr class=\"row-12\">\n\t<td class=\"column-1\">2008<\/td><td class=\"column-2\">Happacher Martin<\/td><td class=\"column-3\">4,5<\/td>\n<\/tr>\n<tr class=\"row-13\">\n\t<td class=\"column-1\">2007<\/td><td class=\"column-2\">Greppmeir Stefan<\/td><td class=\"column-3\">4,3<\/td>\n<\/tr>\n<tr class=\"row-14\">\n\t<td class=\"column-1\">2006<\/td><td class=\"column-2\">Claudia Dunau<\/td><td class=\"column-3\">2,8<\/td>\n<\/tr>\n<tr class=\"row-15\">\n\t<td class=\"column-1\">2005<\/td><td class=\"column-2\">Pechter Stephan<\/td><td class=\"column-3\">10,0<\/td>\n<\/tr>\n<tr class=\"row-16\">\n\t<td class=\"column-1\">2004<\/td><td class=\"column-2\">Schormair Georg<\/td><td class=\"column-3\">4,0<\/td>\n<\/tr>\n<tr class=\"row-17\">\n\t<td class=\"column-1\">2003<\/td><td class=\"column-2\">Happacher Johann<\/td><td class=\"column-3\">4,1<\/td>\n<\/tr>\n<tr class=\"row-18\">\n\t<td class=\"column-1\">2002<\/td><td class=\"column-2\">Greppmeir Stefan<\/td><td class=\"column-3\">1,9<\/td>\n<\/tr>\n<tr class=\"row-19\">\n\t<td class=\"column-1\">2001<\/td><td class=\"column-2\">Ender Roland<\/td><td class=\"column-3\">5,8<\/td>\n<\/tr>\n<tr class=\"row-20\">\n\t<td class=\"column-1\">2000<\/td><td class=\"column-2\">Happacher Johann<\/td><td class=\"column-3\">7,1<\/td>\n<\/tr>\n<tr class=\"row-21\">\n\t<td class=\"column-1\">1999<\/td><td class=\"column-2\">Dunau Ingrid<\/td><td class=\"column-3\">4,0<\/td>\n<\/tr>\n<tr class=\"row-22\">\n\t<td class=\"column-1\">1998<\/td><td class=\"column-2\">Happacher Johann<\/td><td class=\"column-3\">4,4<\/td>\n<\/tr>\n<tr class=\"row-23\">\n\t<td class=\"column-1\">1997<\/td><td class=\"column-2\">Wagle Georg jun.<\/td><td class=\"column-3\">8,8<\/td>\n<\/tr>\n<tr class=\"row-24\">\n\t<td class=\"column-1\">1996<\/td><td class=\"column-2\">Schormair Georg jun.<\/td><td class=\"column-3\">3,0<\/td>\n<\/tr>\n<tr class=\"row-25\">\n\t<td class=\"column-1\">1995<\/td><td class=\"column-2\">Erber Peter<\/td><td class=\"column-3\">6,3<\/td>\n<\/tr>\n<tr class=\"row-26\">\n\t<td class=\"column-1\">1994<\/td><td class=\"column-2\">Penzes Hildegard<\/td><td class=\"column-3\">7,0<\/td>\n<\/tr>\n<tr class=\"row-27\">\n\t<td class=\"column-1\">1993<\/td><td class=\"column-2\">Zandtner Kaspar<\/td><td class=\"column-3\">17,5<\/td>\n<\/tr>\n<tr class=\"row-28\">\n\t<td class=\"column-1\">1992<\/td><td class=\"column-2\">Schormair Georg sen.<\/td><td class=\"column-3\">20,6<\/td>\n<\/tr>\n<tr class=\"row-29\">\n\t<td class=\"column-1\">1991<\/td><td class=\"column-2\">Katzenschwanz Anton<\/td><td class=\"column-3\">14,8<\/td>\n<\/tr>\n<tr class=\"row-30\">\n\t<td class=\"column-1\">1990<\/td><td class=\"column-2\">Katzenschwanz Anton<\/td><td class=\"column-3\">11,0<\/td>\n<\/tr>\n<tr class=\"row-31\">\n\t<td class=\"column-1\">1989<\/td><td class=\"column-2\">G\u00f6ttler Thomas<\/td><td class=\"column-3\">13,9<\/td>\n<\/tr>\n<\/tbody>\n<\/table>\n<!-- #tablepress-5 from cache -->\n","protected":false},"excerpt":{"rendered":"<p>Gewinner\/-in des Krammerpokales ist die Sch\u00fctzin oder der Sch\u00fctze, mit dem besten Blattl im Laufe eines Kalenderjahres.Gewertet werden alle Sch\u00fcsse auf \u00dcbungs- und Jahresmeisterschaftsschie\u00dfen.Teilnahmeberechtigt sind alle Klassen und Disziplinen sowie zugelassene Waffenarten.Teiler mit Luftpistole werden durch drei geteilt. Bei der Disziplin Auflage wird der Teiler durch 0,55 geteilt.Die Pokalverleihung findet im Anschluss der Weihnachtfeier statt.<\/p>\n","protected":false},"author":2,"featured_media":0,"parent":0,"menu_order":0,"comment_status":"closed","ping_status":"closed","template":"","meta":{"footnotes":""},"class_list":["post-26","page","type-page","status-publish","hentry"],"_links":{"self":[{"href":"https:\/\/sv-hollenbach.de\/index.php?rest_route=\/wp\/v2\/pages\/26","targetHints":{"allow":["GET"]}}],"collection":[{"href":"https:\/\/sv-hollenbach.de\/index.php?rest_route=\/wp\/v2\/pages"}],"about":[{"href":"https:\/\/sv-hollenbach.de\/index.php?rest_route=\/wp\/v2\/types\/page"}],"author":[{"embeddable":true,"href":"https:\/\/sv-hollenbach.de\/index.php?rest_route=\/wp\/v2\/users\/2"}],"replies":[{"embeddable":true,"href":"https:\/\/sv-hollenbach.de\/index.php?rest_route=%2Fwp%2Fv2%2Fcomments&post=26"}],"version-history":[{"count":5,"href":"https:\/\/sv-hollenbach.de\/index.php?rest_route=\/wp\/v2\/pages\/26\/revisions"}],"predecessor-version":[{"id":348,"href":"https:\/\/sv-hollenbach.de\/index.php?rest_route=\/wp\/v2\/pages\/26\/revisions\/348"}],"wp:attachment":[{"href":"https:\/\/sv-hollenbach.de\/index.php?rest_route=%2Fwp%2Fv2%2Fmedia&parent=26"}],"curies":[{"name":"wp","href":"https:\/\/api.w.org\/{rel}","templated":true}]}}