{"id":24,"date":"2019-03-31T01:45:17","date_gmt":"2019-03-31T00:45:17","guid":{"rendered":"https:\/\/sv-hollenbach.de\/?page_id=24"},"modified":"2023-12-09T22:02:26","modified_gmt":"2023-12-09T21:02:26","slug":"schuetzenkoenige","status":"publish","type":"page","link":"https:\/\/sv-hollenbach.de\/?page_id=24","title":{"rendered":"Sch\u00fctzenk\u00f6nige\/-innen"},"content":{"rendered":"\n<p>Seit 2021 wird die K\u00f6nigin oder der K\u00f6nig nur noch mit einen Schuss am Nachmittag der Weihnachtsfeier ausgeschossen. <br>Jede\/r Teilnehmer\/-in schie\u00dft mit dem selben alten Knicklaufgewehr des Vereins. Dieses Gewehr ist mit einem Balkenkorn ausger\u00fcstet.<br>Vor dem Wertungsschuss d\u00fcrfen drei &#8222;sichtbare&#8220; Probesch\u00fcsse abzugeben werden. Der eigentliche Wertungsschuss ist nicht sichtbar und bleibt bis zur Proklamation geheim.<br>Als Auszeichnung bekommt der\/die Sch\u00fctzenk\u00f6nig\/in eine Anstecknadel mit Jahreszahl und eine Plakette auf einer Sch\u00fctzenscheibe und d\u00fcrfen sich mit einer Medaille an der Sch\u00fctzenkette verewigen.<\/p>\n\n\n\n<p>Bis 2020 wurden die K\u00f6nige\/-innen an 2 Schie\u00dfabenden ausgeschossen. Der Nachkauf an Sch\u00fcssen war unbegrenzt. Die K\u00f6nige\/-innen erhielten jeweils eine Sch\u00fctzenscheibe aus Holz.<\/p>\n\n\n\n<h2 class=\"wp-block-heading\">Junioren A bis Seniorenklasse<\/h2>\n\n\n\n<p>Sch\u00fctzenk\u00f6nig\/in wird die Sch\u00fctzin oder der Sch\u00fctze mit dem besten Tiefschuss. Teilnahmeberechtigt sind alle Sch\u00fctzen\/-innen des Vereines ab dem Kalenderjahr in dem sie das achtzehnte Lebensjahr vollendet haben.<\/p>\n\n\n\n\n<table id=\"tablepress-9\" class=\"tablepress tablepress-id-9\">\n<thead>\n<tr class=\"row-1\">\n\t<th class=\"column-1\">Jahr<\/th><th class=\"column-2\">Sch\u00fctze<\/th><th class=\"column-3\">Teiler<\/th>\n<\/tr>\n<\/thead>\n<tbody class=\"row-striping\">\n<tr class=\"row-2\">\n\t<td class=\"column-1\">2019<\/td><td class=\"column-2\">Chaffe Natalie<\/td><td class=\"column-3\">25,0<\/td>\n<\/tr>\n<tr class=\"row-3\">\n\t<td class=\"column-1\">2018<\/td><td class=\"column-2\">Baumgartner Ingrid<\/td><td class=\"column-3\">7,0<\/td>\n<\/tr>\n<tr class=\"row-4\">\n\t<td class=\"column-1\">2018<\/td><td class=\"column-2\">Baumgartner Ingrid<br \/>\n(Landkreisk\u00f6nigin)<\/td><td class=\"column-3\">12,0<\/td>\n<\/tr>\n<tr class=\"row-5\">\n\t<td class=\"column-1\">2017<\/td><td class=\"column-2\">Happpacher Martin<\/td><td class=\"column-3\">3,1<\/td>\n<\/tr>\n<tr class=\"row-6\">\n\t<td class=\"column-1\">2016<\/td><td class=\"column-2\">Pechter Stephan<\/td><td class=\"column-3\">26,0<\/td>\n<\/tr>\n<tr class=\"row-7\">\n\t<td class=\"column-1\">2016<\/td><td class=\"column-2\">Greppmeir Stefan  (Gausch\u00fctzenk\u00f6nig LP)<\/td><td class=\"column-3\">22,1<\/td>\n<\/tr>\n<tr class=\"row-8\">\n\t<td class=\"column-1\">2015<\/td><td class=\"column-2\">Penzes Hildegard<\/td><td class=\"column-3\">26,5<\/td>\n<\/tr>\n<tr class=\"row-9\">\n\t<td class=\"column-1\">2014<\/td><td class=\"column-2\">Fischer Corinna<\/td><td class=\"column-3\">14,0<\/td>\n<\/tr>\n<tr class=\"row-10\">\n\t<td class=\"column-1\">2013<\/td><td class=\"column-2\">Greppmeir Stefan<\/td><td class=\"column-3\">20,9<\/td>\n<\/tr>\n<tr class=\"row-11\">\n\t<td class=\"column-1\">2012<\/td><td class=\"column-2\">Greppmeir Stefan<\/td><td class=\"column-3\">23,8<\/td>\n<\/tr>\n<tr class=\"row-12\">\n\t<td class=\"column-1\">2011<\/td><td class=\"column-2\">Happacher Johann<\/td><td class=\"column-3\">5,8<\/td>\n<\/tr>\n<tr class=\"row-13\">\n\t<td class=\"column-1\">2011<\/td><td class=\"column-2\">Dollinger Georg (Bezirkssch\u00fctzenk\u00f6nig LP)<\/td><td class=\"column-3\">167,0<\/td>\n<\/tr>\n<tr class=\"row-14\">\n\t<td class=\"column-1\">2010<\/td><td class=\"column-2\">Pechter Stephan<\/td><td class=\"column-3\">15,7<\/td>\n<\/tr>\n<tr class=\"row-15\">\n\t<td class=\"column-1\">2010<\/td><td class=\"column-2\">Dollinger Georg (Gausch\u00fctzenk\u00f6nig LP)<\/td><td class=\"column-3\">18,6<\/td>\n<\/tr>\n<tr class=\"row-16\">\n\t<td class=\"column-1\">2009<\/td><td class=\"column-2\">Egger Xaver jun.<\/td><td class=\"column-3\">8,9<\/td>\n<\/tr>\n<tr class=\"row-17\">\n\t<td class=\"column-1\">2008<\/td><td class=\"column-2\">Pechter Stephan<\/td><td class=\"column-3\">8,5<\/td>\n<\/tr>\n<tr class=\"row-18\">\n\t<td class=\"column-1\">2008<\/td><td class=\"column-2\">Pechter Stephan (Landkreissch\u00fctzenk\u00f6nig LG)<\/td><td class=\"column-3\">21,0<\/td>\n<\/tr>\n<tr class=\"row-19\">\n\t<td class=\"column-1\">2007<\/td><td class=\"column-2\">Hildegard Penzes<\/td><td class=\"column-3\">13,4<\/td>\n<\/tr>\n<tr class=\"row-20\">\n\t<td class=\"column-1\">2006<\/td><td class=\"column-2\">Greppmeir Stefan<\/td><td class=\"column-3\">14,2<\/td>\n<\/tr>\n<tr class=\"row-21\">\n\t<td class=\"column-1\">2005<\/td><td class=\"column-2\">Penzes Alois<\/td><td class=\"column-3\">8,6<\/td>\n<\/tr>\n<tr class=\"row-22\">\n\t<td class=\"column-1\">2004<\/td><td class=\"column-2\">Pechter Stephan<\/td><td class=\"column-3\">9,0<\/td>\n<\/tr>\n<tr class=\"row-23\">\n\t<td class=\"column-1\">2003<\/td><td class=\"column-2\">Greppmeir Stefan<\/td><td class=\"column-3\">9,7<\/td>\n<\/tr>\n<tr class=\"row-24\">\n\t<td class=\"column-1\">2003<\/td><td class=\"column-2\">Happacher Johann (Gausch\u00fctzenk\u00f6nig LG)<\/td><td class=\"column-3\">2,5<\/td>\n<\/tr>\n<tr class=\"row-25\">\n\t<td class=\"column-1\">2002<\/td><td class=\"column-2\">Ziegler Andreas<\/td><td class=\"column-3\">17,7<\/td>\n<\/tr>\n<tr class=\"row-26\">\n\t<td class=\"column-1\">2001<\/td><td class=\"column-2\">Dunau Ingrid<\/td><td class=\"column-3\">11,0<\/td>\n<\/tr>\n<tr class=\"row-27\">\n\t<td class=\"column-1\">2000<\/td><td class=\"column-2\">Schormair Georg sen.<\/td><td class=\"column-3\">9,3<\/td>\n<\/tr>\n<tr class=\"row-28\">\n\t<td class=\"column-1\">1999<\/td><td class=\"column-2\">Mika Hubert<\/td><td class=\"column-3\">9,6<\/td>\n<\/tr>\n<tr class=\"row-29\">\n\t<td class=\"column-1\">1998<\/td><td class=\"column-2\">Greppmeir Stefan<\/td><td class=\"column-3\">8,0<\/td>\n<\/tr>\n<tr class=\"row-30\">\n\t<td class=\"column-1\">1997<\/td><td class=\"column-2\">Mika Hubert<\/td><td class=\"column-3\">23,5<\/td>\n<\/tr>\n<tr class=\"row-31\">\n\t<td class=\"column-1\">1996<\/td><td class=\"column-2\">Katzenschwanz Anton<\/td><td class=\"column-3\">19,3<\/td>\n<\/tr>\n<tr class=\"row-32\">\n\t<td class=\"column-1\">1995<\/td><td class=\"column-2\">Reich Josef<\/td><td class=\"column-3\">19,9<\/td>\n<\/tr>\n<tr class=\"row-33\">\n\t<td class=\"column-1\">1994<\/td><td class=\"column-2\">Hartl Werner<\/td><td class=\"column-3\">26,6<\/td>\n<\/tr>\n<tr class=\"row-34\">\n\t<td class=\"column-1\">1993<\/td><td class=\"column-2\">Schormair Georg<\/td><td class=\"column-3\">29,3<\/td>\n<\/tr>\n<tr class=\"row-35\">\n\t<td class=\"column-1\">1992<\/td><td class=\"column-2\">Ziegler Andreas<\/td><td class=\"column-3\">15,9<\/td>\n<\/tr>\n<tr class=\"row-36\">\n\t<td class=\"column-1\">1991<\/td><td class=\"column-2\">Zandtner Kaspar<\/td><td class=\"column-3\">18,8<\/td>\n<\/tr>\n<tr class=\"row-37\">\n\t<td class=\"column-1\">1990<\/td><td class=\"column-2\">Happacher Anton<\/td><td class=\"column-3\">26,5<\/td>\n<\/tr>\n<tr class=\"row-38\">\n\t<td class=\"column-1\">1989<\/td><td class=\"column-2\">Reich Josef jun.<\/td><td class=\"column-3\">14,6<\/td>\n<\/tr>\n<tr class=\"row-39\">\n\t<td class=\"column-1\">1988<\/td><td class=\"column-2\">Erber Lina<\/td><td class=\"column-3\">20,6<\/td>\n<\/tr>\n<tr class=\"row-40\">\n\t<td class=\"column-1\">1987<\/td><td class=\"column-2\">Schormair Georg<\/td><td class=\"column-3\">19,3<\/td>\n<\/tr>\n<tr class=\"row-41\">\n\t<td class=\"column-1\">1986<\/td><td class=\"column-2\">Reich Josef jun.<\/td><td class=\"column-3\"><\/td>\n<\/tr>\n<tr class=\"row-42\">\n\t<td class=\"column-1\">1985<\/td><td class=\"column-2\">Baur Michael<\/td><td class=\"column-3\"><\/td>\n<\/tr>\n<tr class=\"row-43\">\n\t<td class=\"column-1\">1984<\/td><td class=\"column-2\">Erber Lina<\/td><td class=\"column-3\"><\/td>\n<\/tr>\n<tr class=\"row-44\">\n\t<td class=\"column-1\">1983<\/td><td class=\"column-2\">Erber Lina<\/td><td class=\"column-3\">18,9<\/td>\n<\/tr>\n<tr class=\"row-45\">\n\t<td class=\"column-1\">1982<\/td><td class=\"column-2\">Krammer Otto<\/td><td class=\"column-3\">13,9<\/td>\n<\/tr>\n<tr class=\"row-46\">\n\t<td class=\"column-1\">1981<\/td><td class=\"column-2\">Krammer Otto<\/td><td class=\"column-3\">19,4<\/td>\n<\/tr>\n<tr class=\"row-47\">\n\t<td class=\"column-1\">1980<\/td><td class=\"column-2\">Mika Helmut<\/td><td class=\"column-3\">5,6<\/td>\n<\/tr>\n<tr class=\"row-48\">\n\t<td class=\"column-1\">1979<\/td><td class=\"column-2\">Nicklaus Erwin<\/td><td class=\"column-3\"><\/td>\n<\/tr>\n<tr class=\"row-49\">\n\t<td class=\"column-1\">1978<\/td><td class=\"column-2\">Erber Andreas<\/td><td class=\"column-3\">33,5<\/td>\n<\/tr>\n<tr class=\"row-50\">\n\t<td class=\"column-1\">1977<\/td><td class=\"column-2\">Eichner Benedikt<\/td><td class=\"column-3\">32,0<\/td>\n<\/tr>\n<tr class=\"row-51\">\n\t<td class=\"column-1\">1977<\/td><td class=\"column-2\">Nicklaus Erwin (Gausch\u00fctzenk\u00f6nig \u0096 LG)<\/td><td class=\"column-3\"><\/td>\n<\/tr>\n<tr class=\"row-52\">\n\t<td class=\"column-1\">1976<\/td><td class=\"column-2\">Eichner Benedikt<\/td><td class=\"column-3\">25,0<\/td>\n<\/tr>\n<tr class=\"row-53\">\n\t<td class=\"column-1\">1975<\/td><td class=\"column-2\">Ziegler Andreas<\/td><td class=\"column-3\">12,0<\/td>\n<\/tr>\n<tr class=\"row-54\">\n\t<td class=\"column-1\">1974<\/td><td class=\"column-2\">Dunau Martin<\/td><td class=\"column-3\">18,0<\/td>\n<\/tr>\n<tr class=\"row-55\">\n\t<td class=\"column-1\">1973<\/td><td class=\"column-2\">Krammer Otto<\/td><td class=\"column-3\"><\/td>\n<\/tr>\n<tr class=\"row-56\">\n\t<td class=\"column-1\">1972<\/td><td class=\"column-2\">Wei\u00df Josef<\/td><td class=\"column-3\"><\/td>\n<\/tr>\n<tr class=\"row-57\">\n\t<td class=\"column-1\">1971<\/td><td class=\"column-2\">Mages Alois<\/td><td class=\"column-3\"><\/td>\n<\/tr>\n<tr class=\"row-58\">\n\t<td class=\"column-1\">1970<\/td><td class=\"column-2\">Katzenschwanz Anton sen.<\/td><td class=\"column-3\"><\/td>\n<\/tr>\n<tr class=\"row-59\">\n\t<td class=\"column-1\">1969<\/td><td class=\"column-2\">Katzenschwanz Anton jun.<\/td><td class=\"column-3\"><\/td>\n<\/tr>\n<tr class=\"row-60\">\n\t<td class=\"column-1\">1968<\/td><td class=\"column-2\">Wei\u00df Josef<\/td><td class=\"column-3\"><\/td>\n<\/tr>\n<tr class=\"row-61\">\n\t<td class=\"column-1\">1967<\/td><td class=\"column-2\">Wei\u00df Josef<\/td><td class=\"column-3\"><\/td>\n<\/tr>\n<tr class=\"row-62\">\n\t<td class=\"column-1\">1966<\/td><td class=\"column-2\"><\/td><td class=\"column-3\"><\/td>\n<\/tr>\n<tr class=\"row-63\">\n\t<td class=\"column-1\">1965<\/td><td class=\"column-2\">Krammer Otto<\/td><td class=\"column-3\"><\/td>\n<\/tr>\n<tr class=\"row-64\">\n\t<td class=\"column-1\">1964<\/td><td class=\"column-2\">Erber Andreas sen.<\/td><td class=\"column-3\"><\/td>\n<\/tr>\n<tr class=\"row-65\">\n\t<td class=\"column-1\">1963<\/td><td class=\"column-2\"><\/td><td class=\"column-3\"><\/td>\n<\/tr>\n<tr class=\"row-66\">\n\t<td class=\"column-1\">1962<\/td><td class=\"column-2\"><\/td><td class=\"column-3\"><\/td>\n<\/tr>\n<tr class=\"row-67\">\n\t<td class=\"column-1\">1961<\/td><td class=\"column-2\"><\/td><td class=\"column-3\"><\/td>\n<\/tr>\n<tr class=\"row-68\">\n\t<td class=\"column-1\">1960<\/td><td class=\"column-2\">Reich Josef sen.<\/td><td class=\"column-3\"><\/td>\n<\/tr>\n<tr class=\"row-69\">\n\t<td class=\"column-1\">1959<\/td><td class=\"column-2\">Katzenschwanz Anton<\/td><td class=\"column-3\"><\/td>\n<\/tr>\n<tr class=\"row-70\">\n\t<td class=\"column-1\">1958<\/td><td class=\"column-2\">Me\u00dfmer Paul<\/td><td class=\"column-3\"><\/td>\n<\/tr>\n<tr class=\"row-71\">\n\t<td class=\"column-1\">1957<\/td><td class=\"column-2\">Ziegler Konrad<\/td><td class=\"column-3\"><\/td>\n<\/tr>\n<tr class=\"row-72\">\n\t<td class=\"column-1\">1956<\/td><td class=\"column-2\">Erber Andreas<\/td><td class=\"column-3\"><\/td>\n<\/tr>\n<tr class=\"row-73\">\n\t<td class=\"column-1\">1955<\/td><td class=\"column-2\">Hirschinger Josef<\/td><td class=\"column-3\"><\/td>\n<\/tr>\n<tr class=\"row-74\">\n\t<td class=\"column-1\">1954<\/td><td class=\"column-2\">Mayer Thomas<\/td><td class=\"column-3\"><\/td>\n<\/tr>\n<tr class=\"row-75\">\n\t<td class=\"column-1\">1953<\/td><td class=\"column-2\">Reich Michael<\/td><td class=\"column-3\"><\/td>\n<\/tr>\n<tr class=\"row-76\">\n\t<td class=\"column-1\">1952<\/td><td class=\"column-2\">Grimm Ewald<\/td><td class=\"column-3\"><\/td>\n<\/tr>\n<tr class=\"row-77\">\n\t<td class=\"column-1\">1933<\/td><td class=\"column-2\">Katzenschwanz Anton sen.<\/td><td class=\"column-3\"><\/td>\n<\/tr>\n<tr class=\"row-78\">\n\t<td class=\"column-1\">1932<\/td><td class=\"column-2\">R\u00f6ll Georg<\/td><td class=\"column-3\"><\/td>\n<\/tr>\n<tr class=\"row-79\">\n\t<td class=\"column-1\">1931<\/td><td class=\"column-2\">Katzenschwanz Otto<\/td><td class=\"column-3\"><\/td>\n<\/tr>\n<tr class=\"row-80\">\n\t<td class=\"column-1\">1930<\/td><td class=\"column-2\">Hermann Josef<\/td><td class=\"column-3\"><\/td>\n<\/tr>\n<tr class=\"row-81\">\n\t<td class=\"column-1\">1929<\/td><td class=\"column-2\">Arzberger Wilhelm<\/td><td class=\"column-3\"><\/td>\n<\/tr>\n<tr class=\"row-82\">\n\t<td class=\"column-1\">1928<\/td><td class=\"column-2\">Arzberger Wilhelm<\/td><td class=\"column-3\"><\/td>\n<\/tr>\n<tr class=\"row-83\">\n\t<td class=\"column-1\">1927<\/td><td class=\"column-2\">Krammer Martin jun.<\/td><td class=\"column-3\"><\/td>\n<\/tr>\n<tr class=\"row-84\">\n\t<td class=\"column-1\">1926<\/td><td class=\"column-2\">Birkmeir Georg<\/td><td class=\"column-3\"><\/td>\n<\/tr>\n<\/tbody>\n<\/table>\n<!-- #tablepress-9 from cache -->\n\n\n\n<h2 class=\"wp-block-heading\">Jugend- und Sch\u00fclerklassen<\/h2>\n\n\n\n<p>Jungsch\u00fctzenk\u00f6nig\/in wird der Sch\u00fctze oder die Sch\u00fctzin mit dem besten Tiefschuss. Teilnahmeberechtigt sind alle Jungsch\u00fctz\/-innen des Vereines bis Ende des Kalenderjahres in dem sie das siebzehnte Lebensjahr vollenden.<\/p>\n\n\n\n\n<table id=\"tablepress-10\" class=\"tablepress tablepress-id-10\">\n<thead>\n<tr class=\"row-1\">\n\t<th class=\"column-1\">Jahr<\/th><th class=\"column-2\">Sch\u00fctze<\/th><th class=\"column-3\">Teiler<\/th>\n<\/tr>\n<\/thead>\n<tbody class=\"row-striping\">\n<tr class=\"row-2\">\n\t<td class=\"column-1\">2019<\/td><td class=\"column-2\">Grimm Simon<\/td><td class=\"column-3\">18,3<\/td>\n<\/tr>\n<tr class=\"row-3\">\n\t<td class=\"column-1\">2018<\/td><td class=\"column-2\">G\u00f6tzelmann Timothe<\/td><td class=\"column-3\">30,4<\/td>\n<\/tr>\n<tr class=\"row-4\">\n\t<td class=\"column-1\">2017<\/td><td class=\"column-2\">Brecheisen Dominik<\/td><td class=\"column-3\">32,0<\/td>\n<\/tr>\n<tr class=\"row-5\">\n\t<td class=\"column-1\">2016<\/td><td class=\"column-2\">Frank Madeleine<\/td><td class=\"column-3\">46,0<\/td>\n<\/tr>\n<tr class=\"row-6\">\n\t<td class=\"column-1\">2015<\/td><td class=\"column-2\">Attenberger Jonas<\/td><td class=\"column-3\">81,0<\/td>\n<\/tr>\n<tr class=\"row-7\">\n\t<td class=\"column-1\">2014<\/td><td class=\"column-2\">Kistler Thomas<\/td><td class=\"column-3\">23,0<\/td>\n<\/tr>\n<tr class=\"row-8\">\n\t<td class=\"column-1\">2013<\/td><td class=\"column-2\">Schreier Madleen<\/td><td class=\"column-3\">22,1<\/td>\n<\/tr>\n<tr class=\"row-9\">\n\t<td class=\"column-1\">2012<\/td><td class=\"column-2\">Schreier Madleen<\/td><td class=\"column-3\">39,8<\/td>\n<\/tr>\n<tr class=\"row-10\">\n\t<td class=\"column-1\">2011<\/td><td class=\"column-2\">Attenberger Lena<\/td><td class=\"column-3\">16,6<\/td>\n<\/tr>\n<tr class=\"row-11\">\n\t<td class=\"column-1\">2010<\/td><td class=\"column-2\">Happacher Martin<\/td><td class=\"column-3\">13,0<\/td>\n<\/tr>\n<tr class=\"row-12\">\n\t<td class=\"column-1\">2009<\/td><td class=\"column-2\">Endter Daniel<\/td><td class=\"column-3\">23,3<\/td>\n<\/tr>\n<tr class=\"row-13\">\n\t<td class=\"column-1\">2008<\/td><td class=\"column-2\">Happacher Martin<\/td><td class=\"column-3\">14,8<\/td>\n<\/tr>\n<tr class=\"row-14\">\n\t<td class=\"column-1\">2007<\/td><td class=\"column-2\">Pfister Rebecca<\/td><td class=\"column-3\">20,6<\/td>\n<\/tr>\n<tr class=\"row-15\">\n\t<td class=\"column-1\">2006<\/td><td class=\"column-2\">Ziegler Sebastian<\/td><td class=\"column-3\">5,6<\/td>\n<\/tr>\n<tr class=\"row-16\">\n\t<td class=\"column-1\">2005<\/td><td class=\"column-2\">Pfister Rebecca<\/td><td class=\"column-3\">20,3<\/td>\n<\/tr>\n<tr class=\"row-17\">\n\t<td class=\"column-1\">2004<\/td><td class=\"column-2\">Chaffe Natalie<\/td><td class=\"column-3\">13,3<\/td>\n<\/tr>\n<tr class=\"row-18\">\n\t<td class=\"column-1\">2003<\/td><td class=\"column-2\">Chaffe Natalie<\/td><td class=\"column-3\">12,1<\/td>\n<\/tr>\n<tr class=\"row-19\">\n\t<td class=\"column-1\">2002<\/td><td class=\"column-2\">Thun Tanja<\/td><td class=\"column-3\">50,4<\/td>\n<\/tr>\n<tr class=\"row-20\">\n\t<td class=\"column-1\">2001<\/td><td class=\"column-2\">Heider Stefan<\/td><td class=\"column-3\">8,6<\/td>\n<\/tr>\n<tr class=\"row-21\">\n\t<td class=\"column-1\">2000<\/td><td class=\"column-2\">Dunau Ingrid<\/td><td class=\"column-3\">5,2<\/td>\n<\/tr>\n<tr class=\"row-22\">\n\t<td class=\"column-1\">1999<\/td><td class=\"column-2\">Greppmeir Andreas<\/td><td class=\"column-3\">23,6<\/td>\n<\/tr>\n<tr class=\"row-23\">\n\t<td class=\"column-1\">1999<\/td><td class=\"column-2\">Dunau Ingrid (Gaujungsch\u00fctzenk\u00f6nigin LG)<\/td><td class=\"column-3\"><\/td>\n<\/tr>\n<tr class=\"row-24\">\n\t<td class=\"column-1\">1998<\/td><td class=\"column-2\">Dunau Ingrid<\/td><td class=\"column-3\">19,0<\/td>\n<\/tr>\n<tr class=\"row-25\">\n\t<td class=\"column-1\">1997<\/td><td class=\"column-2\">Dunau Ingrid<\/td><td class=\"column-3\">34,8<\/td>\n<\/tr>\n<tr class=\"row-26\">\n\t<td class=\"column-1\">1996<\/td><td class=\"column-2\">Gro\u00dfhauser Matthias<\/td><td class=\"column-3\">43,1<\/td>\n<\/tr>\n<tr class=\"row-27\">\n\t<td class=\"column-1\">1995<\/td><td class=\"column-2\">Baur Martina<\/td><td class=\"column-3\">46,0<\/td>\n<\/tr>\n<tr class=\"row-28\">\n\t<td class=\"column-1\">1994<\/td><td class=\"column-2\">Lang Thomas<\/td><td class=\"column-3\">46,2<\/td>\n<\/tr>\n<tr class=\"row-29\">\n\t<td class=\"column-1\">1993<\/td><td class=\"column-2\">Baur Veronika<\/td><td class=\"column-3\">85,3<\/td>\n<\/tr>\n<tr class=\"row-30\">\n\t<td class=\"column-1\">1992<\/td><td class=\"column-2\">Wagle Bernhard<\/td><td class=\"column-3\">46,5<\/td>\n<\/tr>\n<tr class=\"row-31\">\n\t<td class=\"column-1\">1991<\/td><td class=\"column-2\">W\u00f6rle Klaus<\/td><td class=\"column-3\">33,2<\/td>\n<\/tr>\n<tr class=\"row-32\">\n\t<td class=\"column-1\">1990<\/td><td class=\"column-2\">Schormair Carola<\/td><td class=\"column-3\">7,5<\/td>\n<\/tr>\n<tr class=\"row-33\">\n\t<td class=\"column-1\">1989<\/td><td class=\"column-2\">Erber Peter<\/td><td class=\"column-3\">38,3<\/td>\n<\/tr>\n<tr class=\"row-34\">\n\t<td class=\"column-1\">1988<\/td><td class=\"column-2\">Eichner J\u00fcrgen<\/td><td class=\"column-3\">26,2<\/td>\n<\/tr>\n<tr class=\"row-35\">\n\t<td class=\"column-1\">1987<\/td><td class=\"column-2\">Eichner J\u00fcrgen<\/td><td class=\"column-3\"><\/td>\n<\/tr>\n<tr class=\"row-36\">\n\t<td class=\"column-1\">1986<\/td><td class=\"column-2\">G\u00f6ttler Matthias<\/td><td class=\"column-3\"><\/td>\n<\/tr>\n<tr class=\"row-37\">\n\t<td class=\"column-1\">1985<\/td><td class=\"column-2\">Reich Birgit<\/td><td class=\"column-3\"><\/td>\n<\/tr>\n<tr class=\"row-38\">\n\t<td class=\"column-1\">1984<\/td><td class=\"column-2\">Seiler Michael<\/td><td class=\"column-3\"><\/td>\n<\/tr>\n<tr class=\"row-39\">\n\t<td class=\"column-1\">1983<\/td><td class=\"column-2\">Seiler Michael<\/td><td class=\"column-3\">105,3<\/td>\n<\/tr>\n<tr class=\"row-40\">\n\t<td class=\"column-1\">1982<\/td><td class=\"column-2\">Kucharczyk Harald<\/td><td class=\"column-3\">133,7<\/td>\n<\/tr>\n<tr class=\"row-41\">\n\t<td class=\"column-1\">1981<\/td><td class=\"column-2\">Hammer Christa<\/td><td class=\"column-3\">21,9<\/td>\n<\/tr>\n<tr class=\"row-42\">\n\t<td class=\"column-1\">1980<\/td><td class=\"column-2\">Happacher Anton<\/td><td class=\"column-3\">46,1<\/td>\n<\/tr>\n<tr class=\"row-43\">\n\t<td class=\"column-1\">1979<\/td><td class=\"column-2\">Mages Peter<\/td><td class=\"column-3\"><\/td>\n<\/tr>\n<tr class=\"row-44\">\n\t<td class=\"column-1\">1978<\/td><td class=\"column-2\">Mayer Anton<\/td><td class=\"column-3\">26,0<\/td>\n<\/tr>\n<tr class=\"row-45\">\n\t<td class=\"column-1\">1977<\/td><td class=\"column-2\">Mages Peter<\/td><td class=\"column-3\"><\/td>\n<\/tr>\n<tr class=\"row-46\">\n\t<td class=\"column-1\">1976<\/td><td class=\"column-2\">Birner Ernst<\/td><td class=\"column-3\"><\/td>\n<\/tr>\n<tr class=\"row-47\">\n\t<td class=\"column-1\">1975<\/td><td class=\"column-2\">Birner Ernst<\/td><td class=\"column-3\"><\/td>\n<\/tr>\n<\/tbody>\n<\/table>\n<!-- #tablepress-10 from cache -->\n","protected":false},"excerpt":{"rendered":"<p>Seit 2021 wird die K\u00f6nigin oder der K\u00f6nig nur noch mit einen Schuss am Nachmittag der Weihnachtsfeier ausgeschossen. Jede\/r Teilnehmer\/-in schie\u00dft mit dem selben alten Knicklaufgewehr des Vereins. Dieses Gewehr ist mit einem Balkenkorn ausger\u00fcstet.Vor dem Wertungsschuss d\u00fcrfen drei &#8222;sichtbare&#8220; Probesch\u00fcsse abzugeben werden. Der eigentliche Wertungsschuss ist nicht sichtbar und bleibt bis zur Proklamation geheim.Als &hellip; <a href=\"https:\/\/sv-hollenbach.de\/?page_id=24\" class=\"more-link\"><span class=\"screen-reader-text\">Sch\u00fctzenk\u00f6nige\/-innen<\/span> weiterlesen<\/a><\/p>\n","protected":false},"author":2,"featured_media":0,"parent":0,"menu_order":0,"comment_status":"closed","ping_status":"closed","template":"","meta":{"footnotes":""},"class_list":["post-24","page","type-page","status-publish","hentry"],"_links":{"self":[{"href":"https:\/\/sv-hollenbach.de\/index.php?rest_route=\/wp\/v2\/pages\/24","targetHints":{"allow":["GET"]}}],"collection":[{"href":"https:\/\/sv-hollenbach.de\/index.php?rest_route=\/wp\/v2\/pages"}],"about":[{"href":"https:\/\/sv-hollenbach.de\/index.php?rest_route=\/wp\/v2\/types\/page"}],"author":[{"embeddable":true,"href":"https:\/\/sv-hollenbach.de\/index.php?rest_route=\/wp\/v2\/users\/2"}],"replies":[{"embeddable":true,"href":"https:\/\/sv-hollenbach.de\/index.php?rest_route=%2Fwp%2Fv2%2Fcomments&post=24"}],"version-history":[{"count":9,"href":"https:\/\/sv-hollenbach.de\/index.php?rest_route=\/wp\/v2\/pages\/24\/revisions"}],"predecessor-version":[{"id":344,"href":"https:\/\/sv-hollenbach.de\/index.php?rest_route=\/wp\/v2\/pages\/24\/revisions\/344"}],"wp:attachment":[{"href":"https:\/\/sv-hollenbach.de\/index.php?rest_route=%2Fwp%2Fv2%2Fmedia&parent=24"}],"curies":[{"name":"wp","href":"https:\/\/api.w.org\/{rel}","templated":true}]}}